{"id":105,"date":"2024-04-26T19:36:46","date_gmt":"2024-04-26T19:36:46","guid":{"rendered":"https:\/\/pvcmex.com\/ingles\/?page_id=105"},"modified":"2024-07-09T22:59:07","modified_gmt":"2024-07-09T22:59:07","slug":"contacto","status":"publish","type":"page","link":"https:\/\/pvcmex.com\/ingles\/contacto\/","title":{"rendered":"Contacto"},"content":{"rendered":"<div class=\"wpb-content-wrapper\"><p>[vc_row full_width=&#8221;stretch_row_content&#8221; css=&#8221;.vc_custom_1718248282154{background-image: url(https:\/\/pvcmex.com\/ingles\/wp-content\/uploads\/2024\/06\/59401513_2316139335326516_7215153231708553216_n.jpeg?id=208) !important;background-position: center !important;background-repeat: no-repeat !important;background-size: cover !important;}&#8221;][vc_column width=&#8221;1\/6&#8243;][\/vc_column][vc_column width=&#8221;2\/3&#8243;][vc_empty_space height=&#8221;400px&#8221;][vc_column_text]<\/p>\n<h2 style=\"text-align: center;\"><span style=\"color: #3366ff;\">CONTACT US<\/span><\/h2>\n<p>[\/vc_column_text][vc_empty_space height=&#8221;50px&#8221;][\/vc_column][vc_column width=&#8221;1\/6&#8243;][\/vc_column][\/vc_row][vc_row][vc_column width=&#8221;1\/6&#8243;][\/vc_column][vc_column width=&#8221;2\/3&#8243;][vc_column_text]<\/p>\n<h1 style=\"text-align: center;\"><span style=\"color: #1277c4;\">We are one click away from a great business relationship<\/span><\/h1>\n<p>[\/vc_column_text]\n<div class=\"wpcf7 no-js\" id=\"wpcf7-f143-o1\" lang=\"en-US\" dir=\"ltr\">\n<div class=\"screen-reader-response\"><p role=\"status\" aria-live=\"polite\" aria-atomic=\"true\"><\/p> <ul><\/ul><\/div>\n<form action=\"\/ingles\/wp-json\/wp\/v2\/pages\/105#wpcf7-f143-o1\" method=\"post\" class=\"wpcf7-form init\" aria-label=\"Contact form\" novalidate=\"novalidate\" data-status=\"init\">\n<div style=\"display: none;\">\n<input type=\"hidden\" name=\"_wpcf7\" value=\"143\" \/>\n<input type=\"hidden\" name=\"_wpcf7_version\" value=\"5.9.8\" \/>\n<input type=\"hidden\" name=\"_wpcf7_locale\" value=\"en_US\" \/>\n<input type=\"hidden\" name=\"_wpcf7_unit_tag\" value=\"wpcf7-f143-o1\" \/>\n<input type=\"hidden\" name=\"_wpcf7_container_post\" value=\"0\" \/>\n<input type=\"hidden\" name=\"_wpcf7_posted_data_hash\" value=\"\" \/>\n<\/div>\n<p><label> Your name<br \/>\n<span class=\"wpcf7-form-control-wrap\" data-name=\"your-name\"><input size=\"40\" maxlength=\"400\" class=\"wpcf7-form-control wpcf7-text wpcf7-validates-as-required\" autocomplete=\"name\" aria-required=\"true\" aria-invalid=\"false\" value=\"\" type=\"text\" name=\"your-name\" \/><\/span> <\/label>\n<\/p>\n<p><label> Your email<br \/>\n<span class=\"wpcf7-form-control-wrap\" data-name=\"your-email\"><input size=\"40\" maxlength=\"400\" class=\"wpcf7-form-control wpcf7-email wpcf7-validates-as-required wpcf7-text wpcf7-validates-as-email\" autocomplete=\"email\" aria-required=\"true\" aria-invalid=\"false\" value=\"\" type=\"email\" name=\"your-email\" \/><\/span> <\/label>\n<\/p>\n<p><label> Subject<br \/>\n<span class=\"wpcf7-form-control-wrap\" data-name=\"your-subject\"><input size=\"40\" maxlength=\"400\" class=\"wpcf7-form-control wpcf7-text wpcf7-validates-as-required\" aria-required=\"true\" aria-invalid=\"false\" value=\"\" type=\"text\" name=\"your-subject\" \/><\/span> <\/label>\n<\/p>\n<p><label> Your message (optional)<br \/>\n<span class=\"wpcf7-form-control-wrap\" data-name=\"your-message\"><textarea cols=\"40\" rows=\"10\" maxlength=\"2000\" class=\"wpcf7-form-control wpcf7-textarea\" aria-invalid=\"false\" name=\"your-message\"><\/textarea><\/span> <\/label>\n<\/p>\n<p><input class=\"wpcf7-form-control wpcf7-submit has-spinner\" type=\"submit\" value=\"Submit\" \/>\n<\/p><div class=\"wpcf7-response-output\" aria-hidden=\"true\"><\/div>\n<\/form>\n<\/div>\n[vc_empty_space][vc_column_text]<\/p>\n<h1 style=\"text-align: center;\"><span style=\"color: #1277c4;\">Scan the QR to see our office map:<\/span><\/h1>\n<p>[\/vc_column_text][vc_single_image image=&#8221;247&#8243; img_size=&#8221;full&#8221; alignment=&#8221;center&#8221;][\/vc_column][vc_column width=&#8221;1\/6&#8243;][\/vc_column][\/vc_row]<\/p>\n<\/div>","protected":false},"excerpt":{"rendered":"<p>[vc_row full_width=&#8221;stretch_row_content&#8221; css=&#8221;.vc_custom_1718248282154{background-image: url(https:\/\/pvcmex.com\/ingles\/wp-content\/uploads\/2024\/06\/59401513_2316139335326516_7215153231708553216_n.jpeg?id=208) !important;background-position: center !important;background-repeat: no-repeat !important;background-size: cover !important;}&#8221;][vc_column width=&#8221;1\/6&#8243;][\/vc_column][vc_column width=&#8221;2\/3&#8243;][vc_empty_space height=&#8221;400px&#8221;][vc_column_text] CONTACT US [\/vc_column_text][vc_empty_space height=&#8221;50px&#8221;][\/vc_column][vc_column width=&#8221;1\/6&#8243;][\/vc_column][\/vc_row][vc_row][vc_column width=&#8221;1\/6&#8243;][\/vc_column][vc_column width=&#8221;2\/3&#8243;][vc_column_text] We are one click away from a great business relationship [\/vc_column_text][vc_empty_space][vc_column_text] Scan the QR to see our office map: [\/vc_column_text][vc_single_image image=&#8221;247&#8243; img_size=&#8221;full&#8221; alignment=&#8221;center&#8221;][\/vc_column][vc_column width=&#8221;1\/6&#8243;][\/vc_column][\/vc_row]<\/p>\n","protected":false},"author":1,"featured_media":0,"parent":0,"menu_order":0,"comment_status":"closed","ping_status":"closed","template":"","meta":{"footnotes":""},"class_list":["post-105","page","type-page","status-publish","hentry"],"blocksy_meta":[],"yoast_head":"<!-- This site is optimized with the Yoast SEO plugin v23.1 - https:\/\/yoast.com\/wordpress\/plugins\/seo\/ -->\n<title>Contacto - PVC ALTERNATIVA - 100% Mexican Company, dedicated to the distribution and sales of raw materials for the PVC industry<\/title>\n<meta name=\"robots\" content=\"index, follow, max-snippet:-1, max-image-preview:large, max-video-preview:-1\" \/>\n<link rel=\"canonical\" href=\"https:\/\/pvcmex.com\/ingles\/contacto\/\" \/>\n<meta property=\"og:locale\" content=\"en_US\" \/>\n<meta property=\"og:type\" content=\"article\" \/>\n<meta property=\"og:title\" content=\"Contacto - PVC ALTERNATIVA - 100% Mexican Company, dedicated to the distribution and sales of raw materials for the PVC industry\" \/>\n<meta property=\"og:description\" content=\"[vc_row full_width=&#8221;stretch_row_content&#8221; css=&#8221;.vc_custom_1718248282154{background-image: url(https:\/\/pvcmex.com\/ingles\/wp-content\/uploads\/2024\/06\/59401513_2316139335326516_7215153231708553216_n.jpeg?id=208) !important;background-position: center !important;background-repeat: no-repeat !important;background-size: cover !important;}&#8221;][vc_column width=&#8221;1\/6&#8243;][\/vc_column][vc_column width=&#8221;2\/3&#8243;][vc_empty_space height=&#8221;400px&#8221;][vc_column_text] CONTACT US [\/vc_column_text][vc_empty_space height=&#8221;50px&#8221;][\/vc_column][vc_column width=&#8221;1\/6&#8243;][\/vc_column][\/vc_row][vc_row][vc_column width=&#8221;1\/6&#8243;][\/vc_column][vc_column width=&#8221;2\/3&#8243;][vc_column_text] We are one click away from a great business relationship [\/vc_column_text][vc_empty_space][vc_column_text] Scan the QR to see our office map: [\/vc_column_text][vc_single_image image=&#8221;247&#8243; img_size=&#8221;full&#8221; alignment=&#8221;center&#8221;][\/vc_column][vc_column width=&#8221;1\/6&#8243;][\/vc_column][\/vc_row]\" \/>\n<meta property=\"og:url\" content=\"https:\/\/pvcmex.com\/ingles\/contacto\/\" \/>\n<meta property=\"og:site_name\" content=\"PVC ALTERNATIVA - 100% Mexican Company, dedicated to the distribution and sales of raw materials for the PVC industry\" \/>\n<meta property=\"article:modified_time\" content=\"2024-07-09T22:59:07+00:00\" \/>\n<meta name=\"twitter:card\" content=\"summary_large_image\" \/>\n<meta name=\"twitter:label1\" content=\"Est. reading time\" \/>\n\t<meta name=\"twitter:data1\" content=\"1 minute\" \/>\n<script type=\"application\/ld+json\" class=\"yoast-schema-graph\">{\"@context\":\"https:\/\/schema.org\",\"@graph\":[{\"@type\":\"WebPage\",\"@id\":\"https:\/\/pvcmex.com\/ingles\/contacto\/\",\"url\":\"https:\/\/pvcmex.com\/ingles\/contacto\/\",\"name\":\"Contacto - PVC ALTERNATIVA - 100% Mexican Company, dedicated to the distribution and sales of raw materials for the PVC industry\",\"isPartOf\":{\"@id\":\"https:\/\/pvcmex.com\/ingles\/#website\"},\"datePublished\":\"2024-04-26T19:36:46+00:00\",\"dateModified\":\"2024-07-09T22:59:07+00:00\",\"breadcrumb\":{\"@id\":\"https:\/\/pvcmex.com\/ingles\/contacto\/#breadcrumb\"},\"inLanguage\":\"en-US\",\"potentialAction\":[{\"@type\":\"ReadAction\",\"target\":[\"https:\/\/pvcmex.com\/ingles\/contacto\/\"]}]},{\"@type\":\"BreadcrumbList\",\"@id\":\"https:\/\/pvcmex.com\/ingles\/contacto\/#breadcrumb\",\"itemListElement\":[{\"@type\":\"ListItem\",\"position\":1,\"name\":\"Home\",\"item\":\"https:\/\/pvcmex.com\/ingles\/\"},{\"@type\":\"ListItem\",\"position\":2,\"name\":\"Contacto\"}]},{\"@type\":\"WebSite\",\"@id\":\"https:\/\/pvcmex.com\/ingles\/#website\",\"url\":\"https:\/\/pvcmex.com\/ingles\/\",\"name\":\"PVC ALTERNATIVA - Mexican Company, dedicated to the distribution and sales of raw materials for the PVC SHINTEC M\u00c9XICO AND VARTECO MEXICO\",\"description\":\"PVC Suspension resin produced by Shintech in M\u00e9xico and Varteco in M\u00e9xico\",\"publisher\":{\"@id\":\"https:\/\/pvcmex.com\/ingles\/#organization\"},\"potentialAction\":[{\"@type\":\"SearchAction\",\"target\":{\"@type\":\"EntryPoint\",\"urlTemplate\":\"https:\/\/pvcmex.com\/ingles\/?s={search_term_string}\"},\"query-input\":\"required name=search_term_string\"}],\"inLanguage\":\"en-US\"},{\"@type\":\"Organization\",\"@id\":\"https:\/\/pvcmex.com\/ingles\/#organization\",\"name\":\"PVC ALTERNATIVA Mexican Company, dedicated to the distribution and sales of raw materials for the PVC SHINTEC M\u00c9XICO AND VARTECO MEXICO\",\"url\":\"https:\/\/pvcmex.com\/ingles\/\",\"logo\":{\"@type\":\"ImageObject\",\"inLanguage\":\"en-US\",\"@id\":\"https:\/\/pvcmex.com\/ingles\/#\/schema\/logo\/image\/\",\"url\":\"https:\/\/pvcmex.com\/ingles\/wp-content\/uploads\/2024\/04\/logo-pvc-alternativa.png\",\"contentUrl\":\"https:\/\/pvcmex.com\/ingles\/wp-content\/uploads\/2024\/04\/logo-pvc-alternativa.png\",\"width\":350,\"height\":204,\"caption\":\"PVC ALTERNATIVA Mexican Company, dedicated to the distribution and sales of raw materials for the PVC SHINTEC M\u00c9XICO AND VARTECO MEXICO\"},\"image\":{\"@id\":\"https:\/\/pvcmex.com\/ingles\/#\/schema\/logo\/image\/\"}}]}<\/script>\n<!-- \/ Yoast SEO plugin. -->","yoast_head_json":{"title":"Contacto - PVC ALTERNATIVA - 100% Mexican Company, dedicated to the distribution and sales of raw materials for the PVC industry","robots":{"index":"index","follow":"follow","max-snippet":"max-snippet:-1","max-image-preview":"max-image-preview:large","max-video-preview":"max-video-preview:-1"},"canonical":"https:\/\/pvcmex.com\/ingles\/contacto\/","og_locale":"en_US","og_type":"article","og_title":"Contacto - PVC ALTERNATIVA - 100% Mexican Company, dedicated to the distribution and sales of raw materials for the PVC industry","og_description":"[vc_row full_width=&#8221;stretch_row_content&#8221; css=&#8221;.vc_custom_1718248282154{background-image: url(https:\/\/pvcmex.com\/ingles\/wp-content\/uploads\/2024\/06\/59401513_2316139335326516_7215153231708553216_n.jpeg?id=208) !important;background-position: center !important;background-repeat: no-repeat !important;background-size: cover !important;}&#8221;][vc_column width=&#8221;1\/6&#8243;][\/vc_column][vc_column width=&#8221;2\/3&#8243;][vc_empty_space height=&#8221;400px&#8221;][vc_column_text] CONTACT US [\/vc_column_text][vc_empty_space height=&#8221;50px&#8221;][\/vc_column][vc_column width=&#8221;1\/6&#8243;][\/vc_column][\/vc_row][vc_row][vc_column width=&#8221;1\/6&#8243;][\/vc_column][vc_column width=&#8221;2\/3&#8243;][vc_column_text] We are one click away from a great business relationship [\/vc_column_text][vc_empty_space][vc_column_text] Scan the QR to see our office map: [\/vc_column_text][vc_single_image image=&#8221;247&#8243; img_size=&#8221;full&#8221; alignment=&#8221;center&#8221;][\/vc_column][vc_column width=&#8221;1\/6&#8243;][\/vc_column][\/vc_row]","og_url":"https:\/\/pvcmex.com\/ingles\/contacto\/","og_site_name":"PVC ALTERNATIVA - 100% Mexican Company, dedicated to the distribution and sales of raw materials for the PVC industry","article_modified_time":"2024-07-09T22:59:07+00:00","twitter_card":"summary_large_image","twitter_misc":{"Est. reading time":"1 minute"},"schema":{"@context":"https:\/\/schema.org","@graph":[{"@type":"WebPage","@id":"https:\/\/pvcmex.com\/ingles\/contacto\/","url":"https:\/\/pvcmex.com\/ingles\/contacto\/","name":"Contacto - PVC ALTERNATIVA - 100% Mexican Company, dedicated to the distribution and sales of raw materials for the PVC industry","isPartOf":{"@id":"https:\/\/pvcmex.com\/ingles\/#website"},"datePublished":"2024-04-26T19:36:46+00:00","dateModified":"2024-07-09T22:59:07+00:00","breadcrumb":{"@id":"https:\/\/pvcmex.com\/ingles\/contacto\/#breadcrumb"},"inLanguage":"en-US","potentialAction":[{"@type":"ReadAction","target":["https:\/\/pvcmex.com\/ingles\/contacto\/"]}]},{"@type":"BreadcrumbList","@id":"https:\/\/pvcmex.com\/ingles\/contacto\/#breadcrumb","itemListElement":[{"@type":"ListItem","position":1,"name":"Home","item":"https:\/\/pvcmex.com\/ingles\/"},{"@type":"ListItem","position":2,"name":"Contacto"}]},{"@type":"WebSite","@id":"https:\/\/pvcmex.com\/ingles\/#website","url":"https:\/\/pvcmex.com\/ingles\/","name":"PVC ALTERNATIVA - Mexican Company, dedicated to the distribution and sales of raw materials for the PVC SHINTEC M\u00c9XICO AND VARTECO MEXICO","description":"PVC Suspension resin produced by Shintech in M\u00e9xico and Varteco in M\u00e9xico","publisher":{"@id":"https:\/\/pvcmex.com\/ingles\/#organization"},"potentialAction":[{"@type":"SearchAction","target":{"@type":"EntryPoint","urlTemplate":"https:\/\/pvcmex.com\/ingles\/?s={search_term_string}"},"query-input":"required name=search_term_string"}],"inLanguage":"en-US"},{"@type":"Organization","@id":"https:\/\/pvcmex.com\/ingles\/#organization","name":"PVC ALTERNATIVA Mexican Company, dedicated to the distribution and sales of raw materials for the PVC SHINTEC M\u00c9XICO AND VARTECO MEXICO","url":"https:\/\/pvcmex.com\/ingles\/","logo":{"@type":"ImageObject","inLanguage":"en-US","@id":"https:\/\/pvcmex.com\/ingles\/#\/schema\/logo\/image\/","url":"https:\/\/pvcmex.com\/ingles\/wp-content\/uploads\/2024\/04\/logo-pvc-alternativa.png","contentUrl":"https:\/\/pvcmex.com\/ingles\/wp-content\/uploads\/2024\/04\/logo-pvc-alternativa.png","width":350,"height":204,"caption":"PVC ALTERNATIVA Mexican Company, dedicated to the distribution and sales of raw materials for the PVC SHINTEC M\u00c9XICO AND VARTECO MEXICO"},"image":{"@id":"https:\/\/pvcmex.com\/ingles\/#\/schema\/logo\/image\/"}}]}},"_links":{"self":[{"href":"https:\/\/pvcmex.com\/ingles\/wp-json\/wp\/v2\/pages\/105","targetHints":{"allow":["GET"]}}],"collection":[{"href":"https:\/\/pvcmex.com\/ingles\/wp-json\/wp\/v2\/pages"}],"about":[{"href":"https:\/\/pvcmex.com\/ingles\/wp-json\/wp\/v2\/types\/page"}],"author":[{"embeddable":true,"href":"https:\/\/pvcmex.com\/ingles\/wp-json\/wp\/v2\/users\/1"}],"replies":[{"embeddable":true,"href":"https:\/\/pvcmex.com\/ingles\/wp-json\/wp\/v2\/comments?post=105"}],"version-history":[{"count":11,"href":"https:\/\/pvcmex.com\/ingles\/wp-json\/wp\/v2\/pages\/105\/revisions"}],"predecessor-version":[{"id":248,"href":"https:\/\/pvcmex.com\/ingles\/wp-json\/wp\/v2\/pages\/105\/revisions\/248"}],"wp:attachment":[{"href":"https:\/\/pvcmex.com\/ingles\/wp-json\/wp\/v2\/media?parent=105"}],"curies":[{"name":"wp","href":"https:\/\/api.w.org\/{rel}","templated":true}]}}