{"id":70,"date":"2024-04-23T19:55:59","date_gmt":"2024-04-23T19:55:59","guid":{"rendered":"https:\/\/pvcmex.com\/ingles\/?page_id=70"},"modified":"2024-06-13T03:09:31","modified_gmt":"2024-06-13T03:09:31","slug":"mision-y-vision","status":"publish","type":"page","link":"https:\/\/pvcmex.com\/ingles\/mision-y-vision\/","title":{"rendered":"Mission and Vision"},"content":{"rendered":"<div class=\"wpb-content-wrapper\"><p>[vc_row full_width=&#8221;stretch_row_content_no_spaces&#8221; css=&#8221;.vc_custom_1718248157139{background-image: url(https:\/\/pvcmex.com\/ingles\/wp-content\/uploads\/2024\/06\/Packing-PVC.jpg?id=203) !important;background-position: center !important;background-repeat: no-repeat !important;background-size: cover !important;}&#8221;][vc_column width=&#8221;1\/6&#8243;][\/vc_column][vc_column width=&#8221;2\/3&#8243;][vc_empty_space height=&#8221;350px&#8221;][vc_column_text]<\/p>\n<h2 style=\"text-align: center;\"><span style=\"color: #ffffff;\">Mission and Vision<\/span><\/h2>\n<h3 style=\"text-align: center;\"><span style=\"color: #ffffff;\">About PVC ALTERNATIVA<\/span><\/h3>\n<p>[\/vc_column_text][vc_empty_space height=&#8221;50px&#8221;][\/vc_column][vc_column width=&#8221;1\/6&#8243;][\/vc_column][\/vc_row][vc_row full_width=&#8221;stretch_row_content_no_spaces&#8221; equal_height=&#8221;yes&#8221;][vc_column width=&#8221;1\/2&#8243; css=&#8221;.vc_custom_1718248168936{background-image: url(https:\/\/pvcmex.com\/ingles\/wp-content\/uploads\/2024\/06\/Hourse-Windows.jpg?id=204) !important;background-position: center !important;background-repeat: no-repeat !important;background-size: cover !important;}&#8221;][vc_empty_space height=&#8221;100px&#8221;][\/vc_column][vc_column width=&#8221;1\/2&#8243; css=&#8221;.vc_custom_1713901980185{padding-top: 35px !important;padding-right: 35px !important;padding-bottom: 35px !important;padding-left: 35px !important;}&#8221;][vc_column_text]<\/p>\n<p style=\"text-align: justify;\">PVC Alternativa even though is a relatively young company counts among their personal with people over 30 years of experience in the PVC industry, we are proud of being one of the principal traders of PVC resin and epoxidized soybean oil in Mexico.<\/p>\n<p>[\/vc_column_text][vc_empty_space][vc_column_text]<\/p>\n<p style=\"text-align: justify;\"><strong>Mission<\/strong><\/p>\n<p style=\"text-align: justify;\">Distribute and market raw material for the PVC industry, creating added value for our customears.<\/p>\n<p>[\/vc_column_text][vc_empty_space][vc_column_text]<strong>Vision<\/strong><\/p>\n<p>To be a distribution and representation company which through the continuous improvement of our processes and services, becomes the first option in the supply of raw materials for the transformation of the PVC industry.[\/vc_column_text][vc_empty_space][\/vc_column][\/vc_row]<\/p>\n<\/div>","protected":false},"excerpt":{"rendered":"<p>[vc_row full_width=&#8221;stretch_row_content_no_spaces&#8221; css=&#8221;.vc_custom_1718248157139{background-image: url(https:\/\/pvcmex.com\/ingles\/wp-content\/uploads\/2024\/06\/Packing-PVC.jpg?id=203) !important;background-position: center !important;background-repeat: no-repeat !important;background-size: cover !important;}&#8221;][vc_column width=&#8221;1\/6&#8243;][\/vc_column][vc_column width=&#8221;2\/3&#8243;][vc_empty_space height=&#8221;350px&#8221;][vc_column_text] Mission and Vision About PVC ALTERNATIVA [\/vc_column_text][vc_empty_space height=&#8221;50px&#8221;][\/vc_column][vc_column width=&#8221;1\/6&#8243;][\/vc_column][\/vc_row][vc_row full_width=&#8221;stretch_row_content_no_spaces&#8221; equal_height=&#8221;yes&#8221;][vc_column width=&#8221;1\/2&#8243; css=&#8221;.vc_custom_1718248168936{background-image: url(https:\/\/pvcmex.com\/ingles\/wp-content\/uploads\/2024\/06\/Hourse-Windows.jpg?id=204) !important;background-position: center !important;background-repeat: no-repeat !important;background-size: cover !important;}&#8221;][vc_empty_space height=&#8221;100px&#8221;][\/vc_column][vc_column width=&#8221;1\/2&#8243; css=&#8221;.vc_custom_1713901980185{padding-top: 35px !important;padding-right: 35px !important;padding-bottom: 35px !important;padding-left: 35px !important;}&#8221;][vc_column_text] PVC Alternativa even though is a relatively young company [&hellip;]<\/p>\n","protected":false},"author":1,"featured_media":0,"parent":0,"menu_order":0,"comment_status":"closed","ping_status":"closed","template":"","meta":{"footnotes":""},"class_list":["post-70","page","type-page","status-publish","hentry"],"blocksy_meta":[],"yoast_head":"<!-- This site is optimized with the Yoast SEO plugin v23.1 - https:\/\/yoast.com\/wordpress\/plugins\/seo\/ -->\n<title>Mission and Vision - PVC ALTERNATIVA - 100% Mexican Company, dedicated to the distribution and sales of raw materials for the PVC industry<\/title>\n<meta name=\"robots\" content=\"index, follow, max-snippet:-1, max-image-preview:large, max-video-preview:-1\" \/>\n<link rel=\"canonical\" href=\"https:\/\/pvcmex.com\/ingles\/mision-y-vision\/\" \/>\n<meta property=\"og:locale\" content=\"en_US\" \/>\n<meta property=\"og:type\" content=\"article\" \/>\n<meta property=\"og:title\" content=\"Mission and Vision - PVC ALTERNATIVA - 100% Mexican Company, dedicated to the distribution and sales of raw materials for the PVC industry\" \/>\n<meta property=\"og:description\" content=\"[vc_row full_width=&#8221;stretch_row_content_no_spaces&#8221; css=&#8221;.vc_custom_1718248157139{background-image: url(https:\/\/pvcmex.com\/ingles\/wp-content\/uploads\/2024\/06\/Packing-PVC.jpg?id=203) !important;background-position: center !important;background-repeat: no-repeat !important;background-size: cover !important;}&#8221;][vc_column width=&#8221;1\/6&#8243;][\/vc_column][vc_column width=&#8221;2\/3&#8243;][vc_empty_space height=&#8221;350px&#8221;][vc_column_text] Mission and Vision About PVC ALTERNATIVA [\/vc_column_text][vc_empty_space height=&#8221;50px&#8221;][\/vc_column][vc_column width=&#8221;1\/6&#8243;][\/vc_column][\/vc_row][vc_row full_width=&#8221;stretch_row_content_no_spaces&#8221; equal_height=&#8221;yes&#8221;][vc_column width=&#8221;1\/2&#8243; css=&#8221;.vc_custom_1718248168936{background-image: url(https:\/\/pvcmex.com\/ingles\/wp-content\/uploads\/2024\/06\/Hourse-Windows.jpg?id=204) !important;background-position: center !important;background-repeat: no-repeat !important;background-size: cover !important;}&#8221;][vc_empty_space height=&#8221;100px&#8221;][\/vc_column][vc_column width=&#8221;1\/2&#8243; css=&#8221;.vc_custom_1713901980185{padding-top: 35px !important;padding-right: 35px !important;padding-bottom: 35px !important;padding-left: 35px !important;}&#8221;][vc_column_text] PVC Alternativa even though is a relatively young company [&hellip;]\" \/>\n<meta property=\"og:url\" content=\"https:\/\/pvcmex.com\/ingles\/mision-y-vision\/\" \/>\n<meta property=\"og:site_name\" content=\"PVC ALTERNATIVA - 100% Mexican Company, dedicated to the distribution and sales of raw materials for the PVC industry\" \/>\n<meta property=\"article:modified_time\" content=\"2024-06-13T03:09:31+00:00\" \/>\n<meta name=\"twitter:card\" content=\"summary_large_image\" \/>\n<meta name=\"twitter:label1\" content=\"Est. reading time\" \/>\n\t<meta name=\"twitter:data1\" content=\"1 minute\" \/>\n<script type=\"application\/ld+json\" class=\"yoast-schema-graph\">{\"@context\":\"https:\/\/schema.org\",\"@graph\":[{\"@type\":\"WebPage\",\"@id\":\"https:\/\/pvcmex.com\/ingles\/mision-y-vision\/\",\"url\":\"https:\/\/pvcmex.com\/ingles\/mision-y-vision\/\",\"name\":\"Mission and Vision - PVC ALTERNATIVA - 100% Mexican Company, dedicated to the distribution and sales of raw materials for the PVC industry\",\"isPartOf\":{\"@id\":\"https:\/\/pvcmex.com\/ingles\/#website\"},\"datePublished\":\"2024-04-23T19:55:59+00:00\",\"dateModified\":\"2024-06-13T03:09:31+00:00\",\"breadcrumb\":{\"@id\":\"https:\/\/pvcmex.com\/ingles\/mision-y-vision\/#breadcrumb\"},\"inLanguage\":\"en-US\",\"potentialAction\":[{\"@type\":\"ReadAction\",\"target\":[\"https:\/\/pvcmex.com\/ingles\/mision-y-vision\/\"]}]},{\"@type\":\"BreadcrumbList\",\"@id\":\"https:\/\/pvcmex.com\/ingles\/mision-y-vision\/#breadcrumb\",\"itemListElement\":[{\"@type\":\"ListItem\",\"position\":1,\"name\":\"Home\",\"item\":\"https:\/\/pvcmex.com\/ingles\/\"},{\"@type\":\"ListItem\",\"position\":2,\"name\":\"Mission and Vision\"}]},{\"@type\":\"WebSite\",\"@id\":\"https:\/\/pvcmex.com\/ingles\/#website\",\"url\":\"https:\/\/pvcmex.com\/ingles\/\",\"name\":\"PVC ALTERNATIVA - Mexican Company, dedicated to the distribution and sales of raw materials for the PVC SHINTEC M\u00c9XICO AND VARTECO MEXICO\",\"description\":\"PVC Suspension resin produced by Shintech in M\u00e9xico and Varteco in M\u00e9xico\",\"publisher\":{\"@id\":\"https:\/\/pvcmex.com\/ingles\/#organization\"},\"potentialAction\":[{\"@type\":\"SearchAction\",\"target\":{\"@type\":\"EntryPoint\",\"urlTemplate\":\"https:\/\/pvcmex.com\/ingles\/?s={search_term_string}\"},\"query-input\":\"required name=search_term_string\"}],\"inLanguage\":\"en-US\"},{\"@type\":\"Organization\",\"@id\":\"https:\/\/pvcmex.com\/ingles\/#organization\",\"name\":\"PVC ALTERNATIVA Mexican Company, dedicated to the distribution and sales of raw materials for the PVC SHINTEC M\u00c9XICO AND VARTECO MEXICO\",\"url\":\"https:\/\/pvcmex.com\/ingles\/\",\"logo\":{\"@type\":\"ImageObject\",\"inLanguage\":\"en-US\",\"@id\":\"https:\/\/pvcmex.com\/ingles\/#\/schema\/logo\/image\/\",\"url\":\"https:\/\/pvcmex.com\/ingles\/wp-content\/uploads\/2024\/04\/logo-pvc-alternativa.png\",\"contentUrl\":\"https:\/\/pvcmex.com\/ingles\/wp-content\/uploads\/2024\/04\/logo-pvc-alternativa.png\",\"width\":350,\"height\":204,\"caption\":\"PVC ALTERNATIVA Mexican Company, dedicated to the distribution and sales of raw materials for the PVC SHINTEC M\u00c9XICO AND VARTECO MEXICO\"},\"image\":{\"@id\":\"https:\/\/pvcmex.com\/ingles\/#\/schema\/logo\/image\/\"}}]}<\/script>\n<!-- \/ Yoast SEO plugin. -->","yoast_head_json":{"title":"Mission and Vision - PVC ALTERNATIVA - 100% Mexican Company, dedicated to the distribution and sales of raw materials for the PVC industry","robots":{"index":"index","follow":"follow","max-snippet":"max-snippet:-1","max-image-preview":"max-image-preview:large","max-video-preview":"max-video-preview:-1"},"canonical":"https:\/\/pvcmex.com\/ingles\/mision-y-vision\/","og_locale":"en_US","og_type":"article","og_title":"Mission and Vision - PVC ALTERNATIVA - 100% Mexican Company, dedicated to the distribution and sales of raw materials for the PVC industry","og_description":"[vc_row full_width=&#8221;stretch_row_content_no_spaces&#8221; css=&#8221;.vc_custom_1718248157139{background-image: url(https:\/\/pvcmex.com\/ingles\/wp-content\/uploads\/2024\/06\/Packing-PVC.jpg?id=203) !important;background-position: center !important;background-repeat: no-repeat !important;background-size: cover !important;}&#8221;][vc_column width=&#8221;1\/6&#8243;][\/vc_column][vc_column width=&#8221;2\/3&#8243;][vc_empty_space height=&#8221;350px&#8221;][vc_column_text] Mission and Vision About PVC ALTERNATIVA [\/vc_column_text][vc_empty_space height=&#8221;50px&#8221;][\/vc_column][vc_column width=&#8221;1\/6&#8243;][\/vc_column][\/vc_row][vc_row full_width=&#8221;stretch_row_content_no_spaces&#8221; equal_height=&#8221;yes&#8221;][vc_column width=&#8221;1\/2&#8243; css=&#8221;.vc_custom_1718248168936{background-image: url(https:\/\/pvcmex.com\/ingles\/wp-content\/uploads\/2024\/06\/Hourse-Windows.jpg?id=204) !important;background-position: center !important;background-repeat: no-repeat !important;background-size: cover !important;}&#8221;][vc_empty_space height=&#8221;100px&#8221;][\/vc_column][vc_column width=&#8221;1\/2&#8243; css=&#8221;.vc_custom_1713901980185{padding-top: 35px !important;padding-right: 35px !important;padding-bottom: 35px !important;padding-left: 35px !important;}&#8221;][vc_column_text] PVC Alternativa even though is a relatively young company [&hellip;]","og_url":"https:\/\/pvcmex.com\/ingles\/mision-y-vision\/","og_site_name":"PVC ALTERNATIVA - 100% Mexican Company, dedicated to the distribution and sales of raw materials for the PVC industry","article_modified_time":"2024-06-13T03:09:31+00:00","twitter_card":"summary_large_image","twitter_misc":{"Est. reading time":"1 minute"},"schema":{"@context":"https:\/\/schema.org","@graph":[{"@type":"WebPage","@id":"https:\/\/pvcmex.com\/ingles\/mision-y-vision\/","url":"https:\/\/pvcmex.com\/ingles\/mision-y-vision\/","name":"Mission and Vision - PVC ALTERNATIVA - 100% Mexican Company, dedicated to the distribution and sales of raw materials for the PVC industry","isPartOf":{"@id":"https:\/\/pvcmex.com\/ingles\/#website"},"datePublished":"2024-04-23T19:55:59+00:00","dateModified":"2024-06-13T03:09:31+00:00","breadcrumb":{"@id":"https:\/\/pvcmex.com\/ingles\/mision-y-vision\/#breadcrumb"},"inLanguage":"en-US","potentialAction":[{"@type":"ReadAction","target":["https:\/\/pvcmex.com\/ingles\/mision-y-vision\/"]}]},{"@type":"BreadcrumbList","@id":"https:\/\/pvcmex.com\/ingles\/mision-y-vision\/#breadcrumb","itemListElement":[{"@type":"ListItem","position":1,"name":"Home","item":"https:\/\/pvcmex.com\/ingles\/"},{"@type":"ListItem","position":2,"name":"Mission and Vision"}]},{"@type":"WebSite","@id":"https:\/\/pvcmex.com\/ingles\/#website","url":"https:\/\/pvcmex.com\/ingles\/","name":"PVC ALTERNATIVA - Mexican Company, dedicated to the distribution and sales of raw materials for the PVC SHINTEC M\u00c9XICO AND VARTECO MEXICO","description":"PVC Suspension resin produced by Shintech in M\u00e9xico and Varteco in M\u00e9xico","publisher":{"@id":"https:\/\/pvcmex.com\/ingles\/#organization"},"potentialAction":[{"@type":"SearchAction","target":{"@type":"EntryPoint","urlTemplate":"https:\/\/pvcmex.com\/ingles\/?s={search_term_string}"},"query-input":"required name=search_term_string"}],"inLanguage":"en-US"},{"@type":"Organization","@id":"https:\/\/pvcmex.com\/ingles\/#organization","name":"PVC ALTERNATIVA Mexican Company, dedicated to the distribution and sales of raw materials for the PVC SHINTEC M\u00c9XICO AND VARTECO MEXICO","url":"https:\/\/pvcmex.com\/ingles\/","logo":{"@type":"ImageObject","inLanguage":"en-US","@id":"https:\/\/pvcmex.com\/ingles\/#\/schema\/logo\/image\/","url":"https:\/\/pvcmex.com\/ingles\/wp-content\/uploads\/2024\/04\/logo-pvc-alternativa.png","contentUrl":"https:\/\/pvcmex.com\/ingles\/wp-content\/uploads\/2024\/04\/logo-pvc-alternativa.png","width":350,"height":204,"caption":"PVC ALTERNATIVA Mexican Company, dedicated to the distribution and sales of raw materials for the PVC SHINTEC M\u00c9XICO AND VARTECO MEXICO"},"image":{"@id":"https:\/\/pvcmex.com\/ingles\/#\/schema\/logo\/image\/"}}]}},"_links":{"self":[{"href":"https:\/\/pvcmex.com\/ingles\/wp-json\/wp\/v2\/pages\/70","targetHints":{"allow":["GET"]}}],"collection":[{"href":"https:\/\/pvcmex.com\/ingles\/wp-json\/wp\/v2\/pages"}],"about":[{"href":"https:\/\/pvcmex.com\/ingles\/wp-json\/wp\/v2\/types\/page"}],"author":[{"embeddable":true,"href":"https:\/\/pvcmex.com\/ingles\/wp-json\/wp\/v2\/users\/1"}],"replies":[{"embeddable":true,"href":"https:\/\/pvcmex.com\/ingles\/wp-json\/wp\/v2\/comments?post=70"}],"version-history":[{"count":8,"href":"https:\/\/pvcmex.com\/ingles\/wp-json\/wp\/v2\/pages\/70\/revisions"}],"predecessor-version":[{"id":205,"href":"https:\/\/pvcmex.com\/ingles\/wp-json\/wp\/v2\/pages\/70\/revisions\/205"}],"wp:attachment":[{"href":"https:\/\/pvcmex.com\/ingles\/wp-json\/wp\/v2\/media?parent=70"}],"curies":[{"name":"wp","href":"https:\/\/api.w.org\/{rel}","templated":true}]}}