{"id":77,"date":"2024-04-26T02:12:42","date_gmt":"2024-04-26T02:12:42","guid":{"rendered":"https:\/\/pvcmex.com\/ingles\/?page_id=77"},"modified":"2024-08-08T20:04:41","modified_gmt":"2024-08-08T20:04:41","slug":"productos","status":"publish","type":"page","link":"https:\/\/pvcmex.com\/ingles\/productos\/","title":{"rendered":"Products"},"content":{"rendered":"<div class=\"wpb-content-wrapper\"><p>[vc_row full_width=&#8221;stretch_row_content&#8221; css=&#8221;.vc_custom_1720127549509{background-image: url(https:\/\/pvcmex.com\/ingles\/wp-content\/uploads\/2024\/07\/PRODUCTOS-scaled.jpg?id=231) !important;background-position: center !important;background-repeat: no-repeat !important;background-size: cover !important;}&#8221;][vc_column width=&#8221;1\/6&#8243;][\/vc_column][vc_column width=&#8221;2\/3&#8243;][vc_empty_space height=&#8221;400px&#8221;][vc_column_text]<\/p>\n<h2 style=\"text-align: center;\"><span style=\"color: #3366ff;\">PRODUCTS<\/span><\/h2>\n<p>[\/vc_column_text][vc_empty_space height=&#8221;50px&#8221;][\/vc_column][vc_column width=&#8221;1\/6&#8243;][\/vc_column][\/vc_row][vc_row][vc_column width=&#8221;1\/6&#8243;][\/vc_column][vc_column width=&#8221;2\/3&#8243;][vc_empty_space][vc_column_text]These materials are widely used for the manufacture of products and specialties in the PVC industry, for example the ones listed below:<\/p>\n<ul>\n<li>Manufacture of rigid and flexible PVC compounds<\/li>\n<li>Window gaskets<\/li>\n<li>Injection products<\/li>\n<li>Footwear<\/li>\n<li>PVC Pipes and fittings<\/li>\n<li>Cable coating<\/li>\n<li>PVC bottles<\/li>\n<li>Flexible film and more<\/li>\n<\/ul>\n<p>[\/vc_column_text][vc_empty_space][\/vc_column][vc_column width=&#8221;1\/6&#8243;][\/vc_column][\/vc_row][vc_row full_width=&#8221;stretch_row&#8221; gap=&#8221;35&#8243; css=&#8221;.vc_custom_1715994674629{padding-top: 35px !important;padding-right: 35px !important;padding-bottom: 35px !important;padding-left: 35px !important;background-color: #ededed !important;}&#8221;][vc_column width=&#8221;1\/2&#8243;][vc_row_inner][vc_column_inner width=&#8221;1\/4&#8243;][\/vc_column_inner][vc_column_inner width=&#8221;1\/2&#8243;][vc_single_image image=&#8221;85&#8243; img_size=&#8221;full&#8221; alignment=&#8221;center&#8221;][\/vc_column_inner][vc_column_inner width=&#8221;1\/4&#8243;][\/vc_column_inner][\/vc_row_inner][vc_column_text]<\/p>\n<p style=\"text-align: justify;\">We market the widest range of PVC resins manufactured by the process of suspension by Shintech Inc. the largest company of PVC resin in the United States and the largest worldwide.<\/p>\n<p>[\/vc_column_text][vc_btn title=&#8221;MORE&#8221; color=&#8221;primary&#8221; align=&#8221;left&#8221; link=&#8221;url:https%3A%2F%2Fpvcmex.com%2Fingles%2Fshintech-in-mexico%2F|title:SHINTEC&#8221;][\/vc_column][vc_column width=&#8221;1\/2&#8243;][vc_row_inner][vc_column_inner width=&#8221;1\/4&#8243;][\/vc_column_inner][vc_column_inner width=&#8221;1\/2&#8243;][vc_single_image image=&#8221;234&#8243; img_size=&#8221;full&#8221; alignment=&#8221;center&#8221;][\/vc_column_inner][vc_column_inner width=&#8221;1\/4&#8243;][\/vc_column_inner][\/vc_row_inner][vc_column_text]<\/p>\n<p style=\"text-align: justify;\">We commercialize secondary plasticisers manufactured by Varteco Quimica Puntana, leader in the production of these products, being the leader company in the production of additives in the Argentinian market.<\/p>\n<p>[\/vc_column_text][vc_btn title=&#8221;MORE&#8221; color=&#8221;primary&#8221; align=&#8221;left&#8221; link=&#8221;url:https%3A%2F%2Fpvcmex.com%2Fingles%2Fvarteco-in-mexico%2F|title:VARTECO&#8221;][\/vc_column][\/vc_row]<\/p>\n<\/div>","protected":false},"excerpt":{"rendered":"<p>[vc_row full_width=&#8221;stretch_row_content&#8221; css=&#8221;.vc_custom_1720127549509{background-image: url(https:\/\/pvcmex.com\/ingles\/wp-content\/uploads\/2024\/07\/PRODUCTOS-scaled.jpg?id=231) !important;background-position: center !important;background-repeat: no-repeat !important;background-size: cover !important;}&#8221;][vc_column width=&#8221;1\/6&#8243;][\/vc_column][vc_column width=&#8221;2\/3&#8243;][vc_empty_space height=&#8221;400px&#8221;][vc_column_text] PRODUCTS [\/vc_column_text][vc_empty_space height=&#8221;50px&#8221;][\/vc_column][vc_column width=&#8221;1\/6&#8243;][\/vc_column][\/vc_row][vc_row][vc_column width=&#8221;1\/6&#8243;][\/vc_column][vc_column width=&#8221;2\/3&#8243;][vc_empty_space][vc_column_text]These materials are widely used for the manufacture of products and specialties in the PVC industry, for example the ones listed below: Manufacture of rigid and flexible PVC compounds Window gaskets Injection products Footwear PVC Pipes [&hellip;]<\/p>\n","protected":false},"author":1,"featured_media":0,"parent":0,"menu_order":0,"comment_status":"closed","ping_status":"closed","template":"","meta":{"footnotes":""},"class_list":["post-77","page","type-page","status-publish","hentry"],"blocksy_meta":[],"yoast_head":"<!-- This site is optimized with the Yoast SEO plugin v23.1 - https:\/\/yoast.com\/wordpress\/plugins\/seo\/ -->\n<title>Products - PVC ALTERNATIVA - 100% Mexican Company, dedicated to the distribution and sales of raw materials for the PVC industry<\/title>\n<meta name=\"robots\" content=\"index, follow, max-snippet:-1, max-image-preview:large, max-video-preview:-1\" \/>\n<link rel=\"canonical\" href=\"https:\/\/pvcmex.com\/ingles\/productos\/\" \/>\n<meta property=\"og:locale\" content=\"en_US\" \/>\n<meta property=\"og:type\" content=\"article\" \/>\n<meta property=\"og:title\" content=\"Products - PVC ALTERNATIVA - 100% Mexican Company, dedicated to the distribution and sales of raw materials for the PVC industry\" \/>\n<meta property=\"og:description\" content=\"[vc_row full_width=&#8221;stretch_row_content&#8221; css=&#8221;.vc_custom_1720127549509{background-image: url(https:\/\/pvcmex.com\/ingles\/wp-content\/uploads\/2024\/07\/PRODUCTOS-scaled.jpg?id=231) !important;background-position: center !important;background-repeat: no-repeat !important;background-size: cover !important;}&#8221;][vc_column width=&#8221;1\/6&#8243;][\/vc_column][vc_column width=&#8221;2\/3&#8243;][vc_empty_space height=&#8221;400px&#8221;][vc_column_text] PRODUCTS [\/vc_column_text][vc_empty_space height=&#8221;50px&#8221;][\/vc_column][vc_column width=&#8221;1\/6&#8243;][\/vc_column][\/vc_row][vc_row][vc_column width=&#8221;1\/6&#8243;][\/vc_column][vc_column width=&#8221;2\/3&#8243;][vc_empty_space][vc_column_text]These materials are widely used for the manufacture of products and specialties in the PVC industry, for example the ones listed below: Manufacture of rigid and flexible PVC compounds Window gaskets Injection products Footwear PVC Pipes [&hellip;]\" \/>\n<meta property=\"og:url\" content=\"https:\/\/pvcmex.com\/ingles\/productos\/\" \/>\n<meta property=\"og:site_name\" content=\"PVC ALTERNATIVA - 100% Mexican Company, dedicated to the distribution and sales of raw materials for the PVC industry\" \/>\n<meta property=\"article:modified_time\" content=\"2024-08-08T20:04:41+00:00\" \/>\n<meta name=\"twitter:card\" content=\"summary_large_image\" \/>\n<meta name=\"twitter:label1\" content=\"Est. reading time\" \/>\n\t<meta name=\"twitter:data1\" content=\"2 minutes\" \/>\n<script type=\"application\/ld+json\" class=\"yoast-schema-graph\">{\"@context\":\"https:\/\/schema.org\",\"@graph\":[{\"@type\":\"WebPage\",\"@id\":\"https:\/\/pvcmex.com\/ingles\/productos\/\",\"url\":\"https:\/\/pvcmex.com\/ingles\/productos\/\",\"name\":\"Products - PVC ALTERNATIVA - 100% Mexican Company, dedicated to the distribution and sales of raw materials for the PVC industry\",\"isPartOf\":{\"@id\":\"https:\/\/pvcmex.com\/ingles\/#website\"},\"datePublished\":\"2024-04-26T02:12:42+00:00\",\"dateModified\":\"2024-08-08T20:04:41+00:00\",\"breadcrumb\":{\"@id\":\"https:\/\/pvcmex.com\/ingles\/productos\/#breadcrumb\"},\"inLanguage\":\"en-US\",\"potentialAction\":[{\"@type\":\"ReadAction\",\"target\":[\"https:\/\/pvcmex.com\/ingles\/productos\/\"]}]},{\"@type\":\"BreadcrumbList\",\"@id\":\"https:\/\/pvcmex.com\/ingles\/productos\/#breadcrumb\",\"itemListElement\":[{\"@type\":\"ListItem\",\"position\":1,\"name\":\"Home\",\"item\":\"https:\/\/pvcmex.com\/ingles\/\"},{\"@type\":\"ListItem\",\"position\":2,\"name\":\"Products\"}]},{\"@type\":\"WebSite\",\"@id\":\"https:\/\/pvcmex.com\/ingles\/#website\",\"url\":\"https:\/\/pvcmex.com\/ingles\/\",\"name\":\"PVC ALTERNATIVA - Mexican Company, dedicated to the distribution and sales of raw materials for the PVC SHINTEC M\u00c9XICO AND VARTECO MEXICO\",\"description\":\"PVC Suspension resin produced by Shintech in M\u00e9xico and Varteco in M\u00e9xico\",\"publisher\":{\"@id\":\"https:\/\/pvcmex.com\/ingles\/#organization\"},\"potentialAction\":[{\"@type\":\"SearchAction\",\"target\":{\"@type\":\"EntryPoint\",\"urlTemplate\":\"https:\/\/pvcmex.com\/ingles\/?s={search_term_string}\"},\"query-input\":\"required name=search_term_string\"}],\"inLanguage\":\"en-US\"},{\"@type\":\"Organization\",\"@id\":\"https:\/\/pvcmex.com\/ingles\/#organization\",\"name\":\"PVC ALTERNATIVA Mexican Company, dedicated to the distribution and sales of raw materials for the PVC SHINTEC M\u00c9XICO AND VARTECO MEXICO\",\"url\":\"https:\/\/pvcmex.com\/ingles\/\",\"logo\":{\"@type\":\"ImageObject\",\"inLanguage\":\"en-US\",\"@id\":\"https:\/\/pvcmex.com\/ingles\/#\/schema\/logo\/image\/\",\"url\":\"https:\/\/pvcmex.com\/ingles\/wp-content\/uploads\/2024\/04\/logo-pvc-alternativa.png\",\"contentUrl\":\"https:\/\/pvcmex.com\/ingles\/wp-content\/uploads\/2024\/04\/logo-pvc-alternativa.png\",\"width\":350,\"height\":204,\"caption\":\"PVC ALTERNATIVA Mexican Company, dedicated to the distribution and sales of raw materials for the PVC SHINTEC M\u00c9XICO AND VARTECO MEXICO\"},\"image\":{\"@id\":\"https:\/\/pvcmex.com\/ingles\/#\/schema\/logo\/image\/\"}}]}<\/script>\n<!-- \/ Yoast SEO plugin. -->","yoast_head_json":{"title":"Products - PVC ALTERNATIVA - 100% Mexican Company, dedicated to the distribution and sales of raw materials for the PVC industry","robots":{"index":"index","follow":"follow","max-snippet":"max-snippet:-1","max-image-preview":"max-image-preview:large","max-video-preview":"max-video-preview:-1"},"canonical":"https:\/\/pvcmex.com\/ingles\/productos\/","og_locale":"en_US","og_type":"article","og_title":"Products - PVC ALTERNATIVA - 100% Mexican Company, dedicated to the distribution and sales of raw materials for the PVC industry","og_description":"[vc_row full_width=&#8221;stretch_row_content&#8221; css=&#8221;.vc_custom_1720127549509{background-image: url(https:\/\/pvcmex.com\/ingles\/wp-content\/uploads\/2024\/07\/PRODUCTOS-scaled.jpg?id=231) !important;background-position: center !important;background-repeat: no-repeat !important;background-size: cover !important;}&#8221;][vc_column width=&#8221;1\/6&#8243;][\/vc_column][vc_column width=&#8221;2\/3&#8243;][vc_empty_space height=&#8221;400px&#8221;][vc_column_text] PRODUCTS [\/vc_column_text][vc_empty_space height=&#8221;50px&#8221;][\/vc_column][vc_column width=&#8221;1\/6&#8243;][\/vc_column][\/vc_row][vc_row][vc_column width=&#8221;1\/6&#8243;][\/vc_column][vc_column width=&#8221;2\/3&#8243;][vc_empty_space][vc_column_text]These materials are widely used for the manufacture of products and specialties in the PVC industry, for example the ones listed below: Manufacture of rigid and flexible PVC compounds Window gaskets Injection products Footwear PVC Pipes [&hellip;]","og_url":"https:\/\/pvcmex.com\/ingles\/productos\/","og_site_name":"PVC ALTERNATIVA - 100% Mexican Company, dedicated to the distribution and sales of raw materials for the PVC industry","article_modified_time":"2024-08-08T20:04:41+00:00","twitter_card":"summary_large_image","twitter_misc":{"Est. reading time":"2 minutes"},"schema":{"@context":"https:\/\/schema.org","@graph":[{"@type":"WebPage","@id":"https:\/\/pvcmex.com\/ingles\/productos\/","url":"https:\/\/pvcmex.com\/ingles\/productos\/","name":"Products - PVC ALTERNATIVA - 100% Mexican Company, dedicated to the distribution and sales of raw materials for the PVC industry","isPartOf":{"@id":"https:\/\/pvcmex.com\/ingles\/#website"},"datePublished":"2024-04-26T02:12:42+00:00","dateModified":"2024-08-08T20:04:41+00:00","breadcrumb":{"@id":"https:\/\/pvcmex.com\/ingles\/productos\/#breadcrumb"},"inLanguage":"en-US","potentialAction":[{"@type":"ReadAction","target":["https:\/\/pvcmex.com\/ingles\/productos\/"]}]},{"@type":"BreadcrumbList","@id":"https:\/\/pvcmex.com\/ingles\/productos\/#breadcrumb","itemListElement":[{"@type":"ListItem","position":1,"name":"Home","item":"https:\/\/pvcmex.com\/ingles\/"},{"@type":"ListItem","position":2,"name":"Products"}]},{"@type":"WebSite","@id":"https:\/\/pvcmex.com\/ingles\/#website","url":"https:\/\/pvcmex.com\/ingles\/","name":"PVC ALTERNATIVA - Mexican Company, dedicated to the distribution and sales of raw materials for the PVC SHINTEC M\u00c9XICO AND VARTECO MEXICO","description":"PVC Suspension resin produced by Shintech in M\u00e9xico and Varteco in M\u00e9xico","publisher":{"@id":"https:\/\/pvcmex.com\/ingles\/#organization"},"potentialAction":[{"@type":"SearchAction","target":{"@type":"EntryPoint","urlTemplate":"https:\/\/pvcmex.com\/ingles\/?s={search_term_string}"},"query-input":"required name=search_term_string"}],"inLanguage":"en-US"},{"@type":"Organization","@id":"https:\/\/pvcmex.com\/ingles\/#organization","name":"PVC ALTERNATIVA Mexican Company, dedicated to the distribution and sales of raw materials for the PVC SHINTEC M\u00c9XICO AND VARTECO MEXICO","url":"https:\/\/pvcmex.com\/ingles\/","logo":{"@type":"ImageObject","inLanguage":"en-US","@id":"https:\/\/pvcmex.com\/ingles\/#\/schema\/logo\/image\/","url":"https:\/\/pvcmex.com\/ingles\/wp-content\/uploads\/2024\/04\/logo-pvc-alternativa.png","contentUrl":"https:\/\/pvcmex.com\/ingles\/wp-content\/uploads\/2024\/04\/logo-pvc-alternativa.png","width":350,"height":204,"caption":"PVC ALTERNATIVA Mexican Company, dedicated to the distribution and sales of raw materials for the PVC SHINTEC M\u00c9XICO AND VARTECO MEXICO"},"image":{"@id":"https:\/\/pvcmex.com\/ingles\/#\/schema\/logo\/image\/"}}]}},"_links":{"self":[{"href":"https:\/\/pvcmex.com\/ingles\/wp-json\/wp\/v2\/pages\/77","targetHints":{"allow":["GET"]}}],"collection":[{"href":"https:\/\/pvcmex.com\/ingles\/wp-json\/wp\/v2\/pages"}],"about":[{"href":"https:\/\/pvcmex.com\/ingles\/wp-json\/wp\/v2\/types\/page"}],"author":[{"embeddable":true,"href":"https:\/\/pvcmex.com\/ingles\/wp-json\/wp\/v2\/users\/1"}],"replies":[{"embeddable":true,"href":"https:\/\/pvcmex.com\/ingles\/wp-json\/wp\/v2\/comments?post=77"}],"version-history":[{"count":28,"href":"https:\/\/pvcmex.com\/ingles\/wp-json\/wp\/v2\/pages\/77\/revisions"}],"predecessor-version":[{"id":279,"href":"https:\/\/pvcmex.com\/ingles\/wp-json\/wp\/v2\/pages\/77\/revisions\/279"}],"wp:attachment":[{"href":"https:\/\/pvcmex.com\/ingles\/wp-json\/wp\/v2\/media?parent=77"}],"curies":[{"name":"wp","href":"https:\/\/api.w.org\/{rel}","templated":true}]}}