{"id":93,"date":"2024-04-26T02:40:02","date_gmt":"2024-04-26T02:40:02","guid":{"rendered":"https:\/\/pvcmex.com\/ingles\/?page_id=93"},"modified":"2024-08-08T20:04:16","modified_gmt":"2024-08-08T20:04:16","slug":"shintech-in-mexico","status":"publish","type":"page","link":"https:\/\/pvcmex.com\/ingles\/shintech-in-mexico\/","title":{"rendered":"SHINTECH IN MEXICO"},"content":{"rendered":"<div class=\"wpb-content-wrapper\"><p>[vc_row full_width=&#8221;stretch_row&#8221; gap=&#8221;35&#8243; css=&#8221;.vc_custom_1714098291226{padding-right: 50px !important;padding-bottom: 50px !important;padding-left: 50px !important;background-color: rgba(153,171,191,0.25) !important;*background-color: rgb(153,171,191) !important;}&#8221;][vc_column width=&#8221;1\/6&#8243;][\/vc_column][vc_column width=&#8221;2\/3&#8243;][vc_row_inner][vc_column_inner width=&#8221;1\/3&#8243;][\/vc_column_inner][vc_column_inner width=&#8221;1\/3&#8243;][vc_single_image image=&#8221;85&#8243; img_size=&#8221;full&#8221; alignment=&#8221;center&#8221;][\/vc_column_inner][vc_column_inner width=&#8221;1\/3&#8243;][\/vc_column_inner][\/vc_row_inner][vc_column_text]<\/p>\n<p style=\"text-align: center;\">We market the widest range of PVC resins manufactured by the process of suspension by Shintech Inc. the largest company of PVC resin in the United States and the largest worldwide.<\/p>\n<p style=\"text-align: center;\"><strong>Shintech Inc. PVC resin covers a full range of molecular weights.<\/strong><\/p>\n<p>[\/vc_column_text][vc_single_image image=&#8221;178&#8243; img_size=&#8221;full&#8221; alignment=&#8221;center&#8221;][\/vc_column][vc_column width=&#8221;1\/6&#8243;][\/vc_column][\/vc_row][vc_row][vc_column][vc_column_text]<\/p>\n<h2 style=\"text-align: center;\"><span style=\"color: #3366ff;\"><strong>PVC RESIN<\/strong><\/span><\/h2>\n<p>[\/vc_column_text][vc_column_text]<\/p>\n<table width=\"782\">\n<tbody>\n<tr>\n<td style=\"text-align: center;\" width=\"87\">Grade<\/td>\n<td style=\"text-align: center;\" width=\"87\">K-Value<\/td>\n<td style=\"text-align: center;\" width=\"199\">Inherent Viscosity<\/td>\n<td style=\"text-align: center;\" width=\"72\">Density (lb\/ft3)<\/td>\n<td style=\"text-align: center;\" width=\"111\">Particule Size % on 40<\/td>\n<td style=\"text-align: center;\" width=\"87\">Volatiles (%)<\/td>\n<td style=\"text-align: center;\" width=\"139\">RVCM, PPM<\/td>\n<\/tr>\n<tr>\n<td style=\"text-align: center;\">SE450<\/td>\n<td style=\"text-align: center;\">49<\/td>\n<td style=\"text-align: center;\">0.515<\/td>\n<td style=\"text-align: center;\">38<\/td>\n<td style=\"text-align: center;\">0.5 max<\/td>\n<td style=\"text-align: center;\">0.3 m\u00e1x.<\/td>\n<td style=\"text-align: center;\">1.5 m\u00e1x.<\/td>\n<\/tr>\n<tr>\n<td style=\"text-align: center;\">SE650<\/td>\n<td style=\"text-align: center;\">56<\/td>\n<td style=\"text-align: center;\">0.675<\/td>\n<td style=\"text-align: center;\">38<\/td>\n<td style=\"text-align: center;\">0.5 max<\/td>\n<td style=\"text-align: center;\">0.3 m\u00e1x.<\/td>\n<td style=\"text-align: center;\">1.0 m\u00e1x.<\/td>\n<\/tr>\n<tr>\n<td style=\"text-align: center;\">SE750<\/td>\n<td style=\"text-align: center;\">59<\/td>\n<td style=\"text-align: center;\">0.74<\/td>\n<td style=\"text-align: center;\">36<\/td>\n<td style=\"text-align: center;\">0.5 max<\/td>\n<td style=\"text-align: center;\">0.3 m\u00e1x.<\/td>\n<td style=\"text-align: center;\">1.0 m\u00e1x.<\/td>\n<\/tr>\n<tr>\n<td style=\"text-align: center;\">SE800<\/td>\n<td style=\"text-align: center;\">61<\/td>\n<td style=\"text-align: center;\">0.79<\/td>\n<td style=\"text-align: center;\">36<\/td>\n<td style=\"text-align: center;\">0.5 m\u00e1x.<\/td>\n<td style=\"text-align: center;\">0.3 m\u00e1x.<\/td>\n<td style=\"text-align: center;\">1.0 m\u00e1x.<\/td>\n<\/tr>\n<tr>\n<td style=\"text-align: center;\">SE850<\/td>\n<td style=\"text-align: center;\">62<\/td>\n<td style=\"text-align: center;\">0.805<\/td>\n<td style=\"text-align: center;\">35<\/td>\n<td style=\"text-align: center;\">0.5 m\u00e1x.<\/td>\n<td style=\"text-align: center;\">0.3 m\u00e1x.<\/td>\n<td style=\"text-align: center;\">1.0 m\u00e1x.<\/td>\n<\/tr>\n<tr>\n<td style=\"text-align: center;\">SE900<\/td>\n<td style=\"text-align: center;\">66<\/td>\n<td style=\"text-align: center;\">0.905<\/td>\n<td style=\"text-align: center;\">35<\/td>\n<td style=\"text-align: center;\">0.5 m\u00e1x.<\/td>\n<td style=\"text-align: center;\">0.3 m\u00e1x.<\/td>\n<td style=\"text-align: center;\">1.0 m\u00e1x.<\/td>\n<\/tr>\n<tr>\n<td style=\"text-align: center;\">SE950<\/td>\n<td style=\"text-align: center;\">68<\/td>\n<td style=\"text-align: center;\">0.935<\/td>\n<td style=\"text-align: center;\">34<\/td>\n<td style=\"text-align: center;\">0.5 m\u00e1x.<\/td>\n<td style=\"text-align: center;\">0.3 m\u00e1x.<\/td>\n<td style=\"text-align: center;\">1.0 m\u00e1x.<\/td>\n<\/tr>\n<tr>\n<td style=\"text-align: center;\">SE1000<\/td>\n<td style=\"text-align: center;\">69<\/td>\n<td style=\"text-align: center;\">0.95<\/td>\n<td style=\"text-align: center;\">33<\/td>\n<td style=\"text-align: center;\">0.5 m\u00e1x.<\/td>\n<td style=\"text-align: center;\">0.3 m\u00e1x.<\/td>\n<td style=\"text-align: center;\">1.0 m\u00e1x.<\/td>\n<\/tr>\n<tr>\n<td style=\"text-align: center;\">SE1200<\/td>\n<td style=\"text-align: center;\">70<\/td>\n<td style=\"text-align: center;\">1.01<\/td>\n<td style=\"text-align: center;\">32<\/td>\n<td style=\"text-align: center;\">0.5 m\u00e1x.<\/td>\n<td style=\"text-align: center;\">0.3 m\u00e1x.<\/td>\n<td style=\"text-align: center;\">1.0 m\u00e1x.<\/td>\n<\/tr>\n<tr>\n<td style=\"text-align: center;\">SE1300<\/td>\n<td style=\"text-align: center;\">72<\/td>\n<td style=\"text-align: center;\">1.035<\/td>\n<td style=\"text-align: center;\">32<\/td>\n<td style=\"text-align: center;\">0.5 m\u00e1x.<\/td>\n<td style=\"text-align: center;\">0.3 m\u00e1x.<\/td>\n<td style=\"text-align: center;\">1.0 m\u00e1x.<\/td>\n<\/tr>\n<tr>\n<td style=\"text-align: center;\">SE1400<\/td>\n<td style=\"text-align: center;\">75<\/td>\n<td style=\"text-align: center;\">1.1<\/td>\n<td style=\"text-align: center;\">31<\/td>\n<td style=\"text-align: center;\">0.5 m\u00e1x.<\/td>\n<td style=\"text-align: center;\">0.3 m\u00e1x.<\/td>\n<td style=\"text-align: center;\">1.0 m\u00e1x.<\/td>\n<\/tr>\n<\/tbody>\n<\/table>\n<p>[\/vc_column_text][vc_empty_space][vc_column_text]Polyvinyl chloride (PVC) is a general-use resin with a wide range of product applications for daily life, as well as a wide variety of industrial materials.<\/p>\n<p>Because of the wide range of resin Inherent Viscosity (0.50-2.0) or K Value (48.5-99) that can be produced, imported or exported.<\/p>\n<p>Please contact us to discuss the best grade of resin for your application and to meet the desired properties.<\/p>\n<p>[\/vc_column_text][vc_empty_space][\/vc_column][\/vc_row]<\/p>\n<\/div>","protected":false},"excerpt":{"rendered":"<p>[vc_row full_width=&#8221;stretch_row&#8221; gap=&#8221;35&#8243; css=&#8221;.vc_custom_1714098291226{padding-right: 50px !important;padding-bottom: 50px !important;padding-left: 50px !important;background-color: rgba(153,171,191,0.25) !important;*background-color: rgb(153,171,191) !important;}&#8221;][vc_column width=&#8221;1\/6&#8243;][\/vc_column][vc_column width=&#8221;2\/3&#8243;][vc_row_inner][vc_column_inner width=&#8221;1\/3&#8243;][\/vc_column_inner][vc_column_inner width=&#8221;1\/3&#8243;][vc_single_image image=&#8221;85&#8243; img_size=&#8221;full&#8221; alignment=&#8221;center&#8221;][\/vc_column_inner][vc_column_inner width=&#8221;1\/3&#8243;][\/vc_column_inner][\/vc_row_inner][vc_column_text] We market the widest range of PVC resins manufactured by the process of suspension by Shintech Inc. the largest company of PVC resin in the United States and the largest worldwide. Shintech Inc. [&hellip;]<\/p>\n","protected":false},"author":1,"featured_media":0,"parent":0,"menu_order":0,"comment_status":"closed","ping_status":"closed","template":"","meta":{"footnotes":""},"class_list":["post-93","page","type-page","status-publish","hentry"],"blocksy_meta":[],"yoast_head":"<!-- This site is optimized with the Yoast SEO plugin v23.1 - https:\/\/yoast.com\/wordpress\/plugins\/seo\/ -->\n<title>SHINTECH IN MEXICO - PVC ALTERNATIVA - 100% Mexican Company, dedicated to the distribution and sales of raw materials for the PVC industry<\/title>\n<meta name=\"robots\" content=\"index, follow, max-snippet:-1, max-image-preview:large, max-video-preview:-1\" \/>\n<link rel=\"canonical\" href=\"https:\/\/pvcmex.com\/ingles\/shintech-in-mexico\/\" \/>\n<meta property=\"og:locale\" content=\"en_US\" \/>\n<meta property=\"og:type\" content=\"article\" \/>\n<meta property=\"og:title\" content=\"SHINTECH IN MEXICO - PVC ALTERNATIVA - 100% Mexican Company, dedicated to the distribution and sales of raw materials for the PVC industry\" \/>\n<meta property=\"og:description\" content=\"[vc_row full_width=&#8221;stretch_row&#8221; gap=&#8221;35&#8243; css=&#8221;.vc_custom_1714098291226{padding-right: 50px !important;padding-bottom: 50px !important;padding-left: 50px !important;background-color: rgba(153,171,191,0.25) !important;*background-color: rgb(153,171,191) !important;}&#8221;][vc_column width=&#8221;1\/6&#8243;][\/vc_column][vc_column width=&#8221;2\/3&#8243;][vc_row_inner][vc_column_inner width=&#8221;1\/3&#8243;][\/vc_column_inner][vc_column_inner width=&#8221;1\/3&#8243;][vc_single_image image=&#8221;85&#8243; img_size=&#8221;full&#8221; alignment=&#8221;center&#8221;][\/vc_column_inner][vc_column_inner width=&#8221;1\/3&#8243;][\/vc_column_inner][\/vc_row_inner][vc_column_text] We market the widest range of PVC resins manufactured by the process of suspension by Shintech Inc. the largest company of PVC resin in the United States and the largest worldwide. Shintech Inc. [&hellip;]\" \/>\n<meta property=\"og:url\" content=\"https:\/\/pvcmex.com\/ingles\/shintech-in-mexico\/\" \/>\n<meta property=\"og:site_name\" content=\"PVC ALTERNATIVA - 100% Mexican Company, dedicated to the distribution and sales of raw materials for the PVC industry\" \/>\n<meta property=\"article:modified_time\" content=\"2024-08-08T20:04:16+00:00\" \/>\n<meta name=\"twitter:card\" content=\"summary_large_image\" \/>\n<meta name=\"twitter:label1\" content=\"Est. reading time\" \/>\n\t<meta name=\"twitter:data1\" content=\"2 minutes\" \/>\n<script type=\"application\/ld+json\" class=\"yoast-schema-graph\">{\"@context\":\"https:\/\/schema.org\",\"@graph\":[{\"@type\":\"WebPage\",\"@id\":\"https:\/\/pvcmex.com\/ingles\/shintech-in-mexico\/\",\"url\":\"https:\/\/pvcmex.com\/ingles\/shintech-in-mexico\/\",\"name\":\"SHINTECH IN MEXICO - PVC ALTERNATIVA - 100% Mexican Company, dedicated to the distribution and sales of raw materials for the PVC industry\",\"isPartOf\":{\"@id\":\"https:\/\/pvcmex.com\/ingles\/#website\"},\"datePublished\":\"2024-04-26T02:40:02+00:00\",\"dateModified\":\"2024-08-08T20:04:16+00:00\",\"breadcrumb\":{\"@id\":\"https:\/\/pvcmex.com\/ingles\/shintech-in-mexico\/#breadcrumb\"},\"inLanguage\":\"en-US\",\"potentialAction\":[{\"@type\":\"ReadAction\",\"target\":[\"https:\/\/pvcmex.com\/ingles\/shintech-in-mexico\/\"]}]},{\"@type\":\"BreadcrumbList\",\"@id\":\"https:\/\/pvcmex.com\/ingles\/shintech-in-mexico\/#breadcrumb\",\"itemListElement\":[{\"@type\":\"ListItem\",\"position\":1,\"name\":\"Home\",\"item\":\"https:\/\/pvcmex.com\/ingles\/\"},{\"@type\":\"ListItem\",\"position\":2,\"name\":\"SHINTECH IN MEXICO\"}]},{\"@type\":\"WebSite\",\"@id\":\"https:\/\/pvcmex.com\/ingles\/#website\",\"url\":\"https:\/\/pvcmex.com\/ingles\/\",\"name\":\"PVC ALTERNATIVA - Mexican Company, dedicated to the distribution and sales of raw materials for the PVC SHINTEC M\u00c9XICO AND VARTECO MEXICO\",\"description\":\"PVC Suspension resin produced by Shintech in M\u00e9xico and Varteco in M\u00e9xico\",\"publisher\":{\"@id\":\"https:\/\/pvcmex.com\/ingles\/#organization\"},\"potentialAction\":[{\"@type\":\"SearchAction\",\"target\":{\"@type\":\"EntryPoint\",\"urlTemplate\":\"https:\/\/pvcmex.com\/ingles\/?s={search_term_string}\"},\"query-input\":\"required name=search_term_string\"}],\"inLanguage\":\"en-US\"},{\"@type\":\"Organization\",\"@id\":\"https:\/\/pvcmex.com\/ingles\/#organization\",\"name\":\"PVC ALTERNATIVA Mexican Company, dedicated to the distribution and sales of raw materials for the PVC SHINTEC M\u00c9XICO AND VARTECO MEXICO\",\"url\":\"https:\/\/pvcmex.com\/ingles\/\",\"logo\":{\"@type\":\"ImageObject\",\"inLanguage\":\"en-US\",\"@id\":\"https:\/\/pvcmex.com\/ingles\/#\/schema\/logo\/image\/\",\"url\":\"https:\/\/pvcmex.com\/ingles\/wp-content\/uploads\/2024\/04\/logo-pvc-alternativa.png\",\"contentUrl\":\"https:\/\/pvcmex.com\/ingles\/wp-content\/uploads\/2024\/04\/logo-pvc-alternativa.png\",\"width\":350,\"height\":204,\"caption\":\"PVC ALTERNATIVA Mexican Company, dedicated to the distribution and sales of raw materials for the PVC SHINTEC M\u00c9XICO AND VARTECO MEXICO\"},\"image\":{\"@id\":\"https:\/\/pvcmex.com\/ingles\/#\/schema\/logo\/image\/\"}}]}<\/script>\n<!-- \/ Yoast SEO plugin. -->","yoast_head_json":{"title":"SHINTECH IN MEXICO - PVC ALTERNATIVA - 100% Mexican Company, dedicated to the distribution and sales of raw materials for the PVC industry","robots":{"index":"index","follow":"follow","max-snippet":"max-snippet:-1","max-image-preview":"max-image-preview:large","max-video-preview":"max-video-preview:-1"},"canonical":"https:\/\/pvcmex.com\/ingles\/shintech-in-mexico\/","og_locale":"en_US","og_type":"article","og_title":"SHINTECH IN MEXICO - PVC ALTERNATIVA - 100% Mexican Company, dedicated to the distribution and sales of raw materials for the PVC industry","og_description":"[vc_row full_width=&#8221;stretch_row&#8221; gap=&#8221;35&#8243; css=&#8221;.vc_custom_1714098291226{padding-right: 50px !important;padding-bottom: 50px !important;padding-left: 50px !important;background-color: rgba(153,171,191,0.25) !important;*background-color: rgb(153,171,191) !important;}&#8221;][vc_column width=&#8221;1\/6&#8243;][\/vc_column][vc_column width=&#8221;2\/3&#8243;][vc_row_inner][vc_column_inner width=&#8221;1\/3&#8243;][\/vc_column_inner][vc_column_inner width=&#8221;1\/3&#8243;][vc_single_image image=&#8221;85&#8243; img_size=&#8221;full&#8221; alignment=&#8221;center&#8221;][\/vc_column_inner][vc_column_inner width=&#8221;1\/3&#8243;][\/vc_column_inner][\/vc_row_inner][vc_column_text] We market the widest range of PVC resins manufactured by the process of suspension by Shintech Inc. the largest company of PVC resin in the United States and the largest worldwide. Shintech Inc. [&hellip;]","og_url":"https:\/\/pvcmex.com\/ingles\/shintech-in-mexico\/","og_site_name":"PVC ALTERNATIVA - 100% Mexican Company, dedicated to the distribution and sales of raw materials for the PVC industry","article_modified_time":"2024-08-08T20:04:16+00:00","twitter_card":"summary_large_image","twitter_misc":{"Est. reading time":"2 minutes"},"schema":{"@context":"https:\/\/schema.org","@graph":[{"@type":"WebPage","@id":"https:\/\/pvcmex.com\/ingles\/shintech-in-mexico\/","url":"https:\/\/pvcmex.com\/ingles\/shintech-in-mexico\/","name":"SHINTECH IN MEXICO - PVC ALTERNATIVA - 100% Mexican Company, dedicated to the distribution and sales of raw materials for the PVC industry","isPartOf":{"@id":"https:\/\/pvcmex.com\/ingles\/#website"},"datePublished":"2024-04-26T02:40:02+00:00","dateModified":"2024-08-08T20:04:16+00:00","breadcrumb":{"@id":"https:\/\/pvcmex.com\/ingles\/shintech-in-mexico\/#breadcrumb"},"inLanguage":"en-US","potentialAction":[{"@type":"ReadAction","target":["https:\/\/pvcmex.com\/ingles\/shintech-in-mexico\/"]}]},{"@type":"BreadcrumbList","@id":"https:\/\/pvcmex.com\/ingles\/shintech-in-mexico\/#breadcrumb","itemListElement":[{"@type":"ListItem","position":1,"name":"Home","item":"https:\/\/pvcmex.com\/ingles\/"},{"@type":"ListItem","position":2,"name":"SHINTECH IN MEXICO"}]},{"@type":"WebSite","@id":"https:\/\/pvcmex.com\/ingles\/#website","url":"https:\/\/pvcmex.com\/ingles\/","name":"PVC ALTERNATIVA - Mexican Company, dedicated to the distribution and sales of raw materials for the PVC SHINTEC M\u00c9XICO AND VARTECO MEXICO","description":"PVC Suspension resin produced by Shintech in M\u00e9xico and Varteco in M\u00e9xico","publisher":{"@id":"https:\/\/pvcmex.com\/ingles\/#organization"},"potentialAction":[{"@type":"SearchAction","target":{"@type":"EntryPoint","urlTemplate":"https:\/\/pvcmex.com\/ingles\/?s={search_term_string}"},"query-input":"required name=search_term_string"}],"inLanguage":"en-US"},{"@type":"Organization","@id":"https:\/\/pvcmex.com\/ingles\/#organization","name":"PVC ALTERNATIVA Mexican Company, dedicated to the distribution and sales of raw materials for the PVC SHINTEC M\u00c9XICO AND VARTECO MEXICO","url":"https:\/\/pvcmex.com\/ingles\/","logo":{"@type":"ImageObject","inLanguage":"en-US","@id":"https:\/\/pvcmex.com\/ingles\/#\/schema\/logo\/image\/","url":"https:\/\/pvcmex.com\/ingles\/wp-content\/uploads\/2024\/04\/logo-pvc-alternativa.png","contentUrl":"https:\/\/pvcmex.com\/ingles\/wp-content\/uploads\/2024\/04\/logo-pvc-alternativa.png","width":350,"height":204,"caption":"PVC ALTERNATIVA Mexican Company, dedicated to the distribution and sales of raw materials for the PVC SHINTEC M\u00c9XICO AND VARTECO MEXICO"},"image":{"@id":"https:\/\/pvcmex.com\/ingles\/#\/schema\/logo\/image\/"}}]}},"_links":{"self":[{"href":"https:\/\/pvcmex.com\/ingles\/wp-json\/wp\/v2\/pages\/93","targetHints":{"allow":["GET"]}}],"collection":[{"href":"https:\/\/pvcmex.com\/ingles\/wp-json\/wp\/v2\/pages"}],"about":[{"href":"https:\/\/pvcmex.com\/ingles\/wp-json\/wp\/v2\/types\/page"}],"author":[{"embeddable":true,"href":"https:\/\/pvcmex.com\/ingles\/wp-json\/wp\/v2\/users\/1"}],"replies":[{"embeddable":true,"href":"https:\/\/pvcmex.com\/ingles\/wp-json\/wp\/v2\/comments?post=93"}],"version-history":[{"count":25,"href":"https:\/\/pvcmex.com\/ingles\/wp-json\/wp\/v2\/pages\/93\/revisions"}],"predecessor-version":[{"id":278,"href":"https:\/\/pvcmex.com\/ingles\/wp-json\/wp\/v2\/pages\/93\/revisions\/278"}],"wp:attachment":[{"href":"https:\/\/pvcmex.com\/ingles\/wp-json\/wp\/v2\/media?parent=93"}],"curies":[{"name":"wp","href":"https:\/\/api.w.org\/{rel}","templated":true}]}}