{"id":94,"date":"2024-04-26T02:42:01","date_gmt":"2024-04-26T02:42:01","guid":{"rendered":"https:\/\/pvcmex.com\/ingles\/?page_id=94"},"modified":"2024-08-08T18:48:10","modified_gmt":"2024-08-08T18:48:10","slug":"varteco-in-mexico","status":"publish","type":"page","link":"https:\/\/pvcmex.com\/ingles\/varteco-in-mexico\/","title":{"rendered":"VARTECO IN MEXICO"},"content":{"rendered":"<div class=\"wpb-content-wrapper\"><p>[vc_row full_width=&#8221;stretch_row&#8221; gap=&#8221;35&#8243; css=&#8221;.vc_custom_1714098291226{padding-right: 50px !important;padding-bottom: 50px !important;padding-left: 50px !important;background-color: rgba(153,171,191,0.25) !important;*background-color: rgb(153,171,191) !important;}&#8221;][vc_column width=&#8221;1\/6&#8243;][\/vc_column][vc_column width=&#8221;2\/3&#8243;][vc_row_inner][vc_column_inner width=&#8221;1\/3&#8243;][\/vc_column_inner][vc_column_inner width=&#8221;1\/3&#8243;][vc_single_image image=&#8221;234&#8243; img_size=&#8221;full&#8221; alignment=&#8221;center&#8221;][\/vc_column_inner][vc_column_inner width=&#8221;1\/3&#8243;][\/vc_column_inner][\/vc_row_inner][vc_column_text]<\/p>\n<h1 style=\"text-align: center;\"><span style=\"color: #3366ff;\">We commercialize secondary plasticisers manufactured by Varteco.<\/span><\/h1>\n<p style=\"text-align: center;\">leader in the production of these products, being the leader company in the production of additives in the Argentinian market. Company oriented to the production of chemicals by using raw materials and processes suited to technical, economic and environmental requirements.<\/p>\n<p>[\/vc_column_text][vc_column_text]<\/p>\n<p style=\"text-align: center;\">Considering sustainability as a key factor for the development of its activity by which they elaborate intermediate and specialties chemical products, using both renewable (oleochemical) and raw material as petrochemical feedstocks.<\/p>\n<p>[\/vc_column_text][vc_single_image image=&#8221;222&#8243; img_size=&#8221;full&#8221; alignment=&#8221;center&#8221;][\/vc_column][vc_column width=&#8221;1\/6&#8243;][\/vc_column][\/vc_row][vc_row][vc_column][vc_column_text]<\/p>\n<h2 style=\"text-align: center;\"><span style=\"color: #3366ff;\">PLASTICIZERS<\/span><\/h2>\n<p>[\/vc_column_text][vc_column_text]<\/p>\n<table>\n<tbody>\n<tr>\n<td width=\"141\">PRODUCT<\/td>\n<td width=\"136\">DESCRIPTION<\/td>\n<td width=\"101\">COLOUR<br \/>\nAPHA<\/td>\n<td width=\"100\">ACIDITY<br \/>\n(mg KOH\/g<br \/>\nm)<\/td>\n<td width=\"145\">RELATIVE<br \/>\nDENSITY<br \/>\n25\u00b0C\/25\u00b0C<\/td>\n<td width=\"101\">IODINE<br \/>\nINDEX (g<br \/>\n1\/100g m)<\/td>\n<td width=\"118\">OXIRANE<br \/>\nINDEX MO)<\/td>\n<\/tr>\n<tr>\n<td width=\"141\">VARFLEX-14NP<\/td>\n<td width=\"136\">Epoxidized<br \/>\nsoybean oil and<br \/>\nDINP<\/td>\n<td width=\"101\">200 max.<\/td>\n<td width=\"100\">1.0 max.<\/td>\n<td width=\"145\">0.995 \u00b1 0.005<\/td>\n<td width=\"101\">2.0 max.<\/td>\n<td width=\"118\">6.3 min.<\/td>\n<\/tr>\n<tr>\n<td width=\"141\">VARFLEX-140A<\/td>\n<td width=\"136\">Epoxidized<br \/>\nsoybean oil and<br \/>\nDOA<\/td>\n<td width=\"101\">200 max.<\/td>\n<td width=\"100\">1.0 max.<\/td>\n<td width=\"145\">0.995 \u00b1 0.005<\/td>\n<td width=\"101\">2.0 max.<\/td>\n<td width=\"118\">6.3 min.<\/td>\n<\/tr>\n<tr>\n<td width=\"141\">VARFLEX-14OP<\/td>\n<td width=\"136\">Epoxidized<br \/>\nsoybean and<br \/>\nDOP<\/td>\n<td width=\"101\">200 max.<\/td>\n<td width=\"100\">1.0 max.<\/td>\n<td width=\"145\">0.995 \u00b1 0.005<\/td>\n<td width=\"101\">2.0 max.<\/td>\n<td width=\"118\">6.3 min.<\/td>\n<\/tr>\n<tr>\n<td width=\"141\">KALFLEX-13<\/td>\n<td width=\"136\">Epoxidized<br \/>\nsoybean oil<\/td>\n<td width=\"101\">200 max.<\/td>\n<td width=\"100\">1.0 max.<\/td>\n<td width=\"145\">0.997 \u00b1 0.005<\/td>\n<td width=\"101\">4.0 max.<\/td>\n<td width=\"118\">6.2 min.<\/td>\n<\/tr>\n<tr>\n<td width=\"141\">KALFLEX-13A<\/td>\n<td width=\"136\">Food grade<br \/>\nepoxidized<br \/>\nsoybean oil<\/td>\n<td width=\"101\">200 max.<\/td>\n<td width=\"100\">1.0 max.<\/td>\n<td width=\"145\">0.997 \u00b1 0.005<\/td>\n<td width=\"101\">2.0 max.<\/td>\n<td width=\"118\">6.4 min.<\/td>\n<\/tr>\n<tr>\n<td width=\"141\">KALFLEX-84<\/td>\n<td width=\"136\">Epoxidized<br \/>\nmethyl ester<\/td>\n<td width=\"101\">200 max.<\/td>\n<td width=\"100\">3.0 max.<\/td>\n<td width=\"145\">0.96<\/td>\n<td width=\"101\">4.0 max.<\/td>\n<td width=\"118\">5.5 min.<\/td>\n<\/tr>\n<tr>\n<td rowspan=\"2\" width=\"141\">KALFLEX-84OA<\/td>\n<td width=\"136\">Mix of methyl ester of epoxidized soybean fatty acids and DOA<\/td>\n<td width=\"101\">200 max.<\/td>\n<td width=\"100\">3.0 max.<\/td>\n<td width=\"145\">0.96<\/td>\n<td width=\"101\">4.0 max.<\/td>\n<td width=\"118\">5.5 min.<\/td>\n<\/tr>\n<tr>\n<td width=\"136\"><\/td>\n<td width=\"101\"><\/td>\n<td width=\"100\"><\/td>\n<td width=\"145\"><\/td>\n<td width=\"101\"><\/td>\n<td width=\"118\"><\/td>\n<\/tr>\n<\/tbody>\n<\/table>\n<p>[\/vc_column_text][\/vc_column][\/vc_row]<\/p>\n<\/div>","protected":false},"excerpt":{"rendered":"<p>[vc_row full_width=&#8221;stretch_row&#8221; gap=&#8221;35&#8243; css=&#8221;.vc_custom_1714098291226{padding-right: 50px !important;padding-bottom: 50px !important;padding-left: 50px !important;background-color: rgba(153,171,191,0.25) !important;*background-color: rgb(153,171,191) !important;}&#8221;][vc_column width=&#8221;1\/6&#8243;][\/vc_column][vc_column width=&#8221;2\/3&#8243;][vc_row_inner][vc_column_inner width=&#8221;1\/3&#8243;][\/vc_column_inner][vc_column_inner width=&#8221;1\/3&#8243;][vc_single_image image=&#8221;234&#8243; img_size=&#8221;full&#8221; alignment=&#8221;center&#8221;][\/vc_column_inner][vc_column_inner width=&#8221;1\/3&#8243;][\/vc_column_inner][\/vc_row_inner][vc_column_text] We commercialize secondary plasticisers manufactured by Varteco. leader in the production of these products, being the leader company in the production of additives in the Argentinian market. Company oriented to the production of [&hellip;]<\/p>\n","protected":false},"author":1,"featured_media":0,"parent":0,"menu_order":0,"comment_status":"closed","ping_status":"closed","template":"","meta":{"footnotes":""},"class_list":["post-94","page","type-page","status-publish","hentry"],"blocksy_meta":[],"yoast_head":"<!-- This site is optimized with the Yoast SEO plugin v23.1 - https:\/\/yoast.com\/wordpress\/plugins\/seo\/ -->\n<title>VARTECO IN MEXICO - PVC ALTERNATIVA - 100% Mexican Company, dedicated to the distribution and sales of raw materials for the PVC industry<\/title>\n<meta name=\"robots\" content=\"index, follow, max-snippet:-1, max-image-preview:large, max-video-preview:-1\" \/>\n<link rel=\"canonical\" href=\"https:\/\/pvcmex.com\/ingles\/varteco-in-mexico\/\" \/>\n<meta property=\"og:locale\" content=\"en_US\" \/>\n<meta property=\"og:type\" content=\"article\" \/>\n<meta property=\"og:title\" content=\"VARTECO IN MEXICO - PVC ALTERNATIVA - 100% Mexican Company, dedicated to the distribution and sales of raw materials for the PVC industry\" \/>\n<meta property=\"og:description\" content=\"[vc_row full_width=&#8221;stretch_row&#8221; gap=&#8221;35&#8243; css=&#8221;.vc_custom_1714098291226{padding-right: 50px !important;padding-bottom: 50px !important;padding-left: 50px !important;background-color: rgba(153,171,191,0.25) !important;*background-color: rgb(153,171,191) !important;}&#8221;][vc_column width=&#8221;1\/6&#8243;][\/vc_column][vc_column width=&#8221;2\/3&#8243;][vc_row_inner][vc_column_inner width=&#8221;1\/3&#8243;][\/vc_column_inner][vc_column_inner width=&#8221;1\/3&#8243;][vc_single_image image=&#8221;234&#8243; img_size=&#8221;full&#8221; alignment=&#8221;center&#8221;][\/vc_column_inner][vc_column_inner width=&#8221;1\/3&#8243;][\/vc_column_inner][\/vc_row_inner][vc_column_text] We commercialize secondary plasticisers manufactured by Varteco. leader in the production of these products, being the leader company in the production of additives in the Argentinian market. Company oriented to the production of [&hellip;]\" \/>\n<meta property=\"og:url\" content=\"https:\/\/pvcmex.com\/ingles\/varteco-in-mexico\/\" \/>\n<meta property=\"og:site_name\" content=\"PVC ALTERNATIVA - 100% Mexican Company, dedicated to the distribution and sales of raw materials for the PVC industry\" \/>\n<meta property=\"article:modified_time\" content=\"2024-08-08T18:48:10+00:00\" \/>\n<meta name=\"twitter:card\" content=\"summary_large_image\" \/>\n<meta name=\"twitter:label1\" content=\"Est. reading time\" \/>\n\t<meta name=\"twitter:data1\" content=\"2 minutes\" \/>\n<script type=\"application\/ld+json\" class=\"yoast-schema-graph\">{\"@context\":\"https:\/\/schema.org\",\"@graph\":[{\"@type\":\"WebPage\",\"@id\":\"https:\/\/pvcmex.com\/ingles\/varteco-in-mexico\/\",\"url\":\"https:\/\/pvcmex.com\/ingles\/varteco-in-mexico\/\",\"name\":\"VARTECO IN MEXICO - PVC ALTERNATIVA - 100% Mexican Company, dedicated to the distribution and sales of raw materials for the PVC industry\",\"isPartOf\":{\"@id\":\"https:\/\/pvcmex.com\/ingles\/#website\"},\"datePublished\":\"2024-04-26T02:42:01+00:00\",\"dateModified\":\"2024-08-08T18:48:10+00:00\",\"breadcrumb\":{\"@id\":\"https:\/\/pvcmex.com\/ingles\/varteco-in-mexico\/#breadcrumb\"},\"inLanguage\":\"en-US\",\"potentialAction\":[{\"@type\":\"ReadAction\",\"target\":[\"https:\/\/pvcmex.com\/ingles\/varteco-in-mexico\/\"]}]},{\"@type\":\"BreadcrumbList\",\"@id\":\"https:\/\/pvcmex.com\/ingles\/varteco-in-mexico\/#breadcrumb\",\"itemListElement\":[{\"@type\":\"ListItem\",\"position\":1,\"name\":\"Home\",\"item\":\"https:\/\/pvcmex.com\/ingles\/\"},{\"@type\":\"ListItem\",\"position\":2,\"name\":\"VARTECO IN MEXICO\"}]},{\"@type\":\"WebSite\",\"@id\":\"https:\/\/pvcmex.com\/ingles\/#website\",\"url\":\"https:\/\/pvcmex.com\/ingles\/\",\"name\":\"PVC ALTERNATIVA - Mexican Company, dedicated to the distribution and sales of raw materials for the PVC SHINTEC M\u00c9XICO AND VARTECO MEXICO\",\"description\":\"PVC Suspension resin produced by Shintech in M\u00e9xico and Varteco in M\u00e9xico\",\"publisher\":{\"@id\":\"https:\/\/pvcmex.com\/ingles\/#organization\"},\"potentialAction\":[{\"@type\":\"SearchAction\",\"target\":{\"@type\":\"EntryPoint\",\"urlTemplate\":\"https:\/\/pvcmex.com\/ingles\/?s={search_term_string}\"},\"query-input\":\"required name=search_term_string\"}],\"inLanguage\":\"en-US\"},{\"@type\":\"Organization\",\"@id\":\"https:\/\/pvcmex.com\/ingles\/#organization\",\"name\":\"PVC ALTERNATIVA Mexican Company, dedicated to the distribution and sales of raw materials for the PVC SHINTEC M\u00c9XICO AND VARTECO MEXICO\",\"url\":\"https:\/\/pvcmex.com\/ingles\/\",\"logo\":{\"@type\":\"ImageObject\",\"inLanguage\":\"en-US\",\"@id\":\"https:\/\/pvcmex.com\/ingles\/#\/schema\/logo\/image\/\",\"url\":\"https:\/\/pvcmex.com\/ingles\/wp-content\/uploads\/2024\/04\/logo-pvc-alternativa.png\",\"contentUrl\":\"https:\/\/pvcmex.com\/ingles\/wp-content\/uploads\/2024\/04\/logo-pvc-alternativa.png\",\"width\":350,\"height\":204,\"caption\":\"PVC ALTERNATIVA Mexican Company, dedicated to the distribution and sales of raw materials for the PVC SHINTEC M\u00c9XICO AND VARTECO MEXICO\"},\"image\":{\"@id\":\"https:\/\/pvcmex.com\/ingles\/#\/schema\/logo\/image\/\"}}]}<\/script>\n<!-- \/ Yoast SEO plugin. -->","yoast_head_json":{"title":"VARTECO IN MEXICO - PVC ALTERNATIVA - 100% Mexican Company, dedicated to the distribution and sales of raw materials for the PVC industry","robots":{"index":"index","follow":"follow","max-snippet":"max-snippet:-1","max-image-preview":"max-image-preview:large","max-video-preview":"max-video-preview:-1"},"canonical":"https:\/\/pvcmex.com\/ingles\/varteco-in-mexico\/","og_locale":"en_US","og_type":"article","og_title":"VARTECO IN MEXICO - PVC ALTERNATIVA - 100% Mexican Company, dedicated to the distribution and sales of raw materials for the PVC industry","og_description":"[vc_row full_width=&#8221;stretch_row&#8221; gap=&#8221;35&#8243; css=&#8221;.vc_custom_1714098291226{padding-right: 50px !important;padding-bottom: 50px !important;padding-left: 50px !important;background-color: rgba(153,171,191,0.25) !important;*background-color: rgb(153,171,191) !important;}&#8221;][vc_column width=&#8221;1\/6&#8243;][\/vc_column][vc_column width=&#8221;2\/3&#8243;][vc_row_inner][vc_column_inner width=&#8221;1\/3&#8243;][\/vc_column_inner][vc_column_inner width=&#8221;1\/3&#8243;][vc_single_image image=&#8221;234&#8243; img_size=&#8221;full&#8221; alignment=&#8221;center&#8221;][\/vc_column_inner][vc_column_inner width=&#8221;1\/3&#8243;][\/vc_column_inner][\/vc_row_inner][vc_column_text] We commercialize secondary plasticisers manufactured by Varteco. leader in the production of these products, being the leader company in the production of additives in the Argentinian market. Company oriented to the production of [&hellip;]","og_url":"https:\/\/pvcmex.com\/ingles\/varteco-in-mexico\/","og_site_name":"PVC ALTERNATIVA - 100% Mexican Company, dedicated to the distribution and sales of raw materials for the PVC industry","article_modified_time":"2024-08-08T18:48:10+00:00","twitter_card":"summary_large_image","twitter_misc":{"Est. reading time":"2 minutes"},"schema":{"@context":"https:\/\/schema.org","@graph":[{"@type":"WebPage","@id":"https:\/\/pvcmex.com\/ingles\/varteco-in-mexico\/","url":"https:\/\/pvcmex.com\/ingles\/varteco-in-mexico\/","name":"VARTECO IN MEXICO - PVC ALTERNATIVA - 100% Mexican Company, dedicated to the distribution and sales of raw materials for the PVC industry","isPartOf":{"@id":"https:\/\/pvcmex.com\/ingles\/#website"},"datePublished":"2024-04-26T02:42:01+00:00","dateModified":"2024-08-08T18:48:10+00:00","breadcrumb":{"@id":"https:\/\/pvcmex.com\/ingles\/varteco-in-mexico\/#breadcrumb"},"inLanguage":"en-US","potentialAction":[{"@type":"ReadAction","target":["https:\/\/pvcmex.com\/ingles\/varteco-in-mexico\/"]}]},{"@type":"BreadcrumbList","@id":"https:\/\/pvcmex.com\/ingles\/varteco-in-mexico\/#breadcrumb","itemListElement":[{"@type":"ListItem","position":1,"name":"Home","item":"https:\/\/pvcmex.com\/ingles\/"},{"@type":"ListItem","position":2,"name":"VARTECO IN MEXICO"}]},{"@type":"WebSite","@id":"https:\/\/pvcmex.com\/ingles\/#website","url":"https:\/\/pvcmex.com\/ingles\/","name":"PVC ALTERNATIVA - Mexican Company, dedicated to the distribution and sales of raw materials for the PVC SHINTEC M\u00c9XICO AND VARTECO MEXICO","description":"PVC Suspension resin produced by Shintech in M\u00e9xico and Varteco in M\u00e9xico","publisher":{"@id":"https:\/\/pvcmex.com\/ingles\/#organization"},"potentialAction":[{"@type":"SearchAction","target":{"@type":"EntryPoint","urlTemplate":"https:\/\/pvcmex.com\/ingles\/?s={search_term_string}"},"query-input":"required name=search_term_string"}],"inLanguage":"en-US"},{"@type":"Organization","@id":"https:\/\/pvcmex.com\/ingles\/#organization","name":"PVC ALTERNATIVA Mexican Company, dedicated to the distribution and sales of raw materials for the PVC SHINTEC M\u00c9XICO AND VARTECO MEXICO","url":"https:\/\/pvcmex.com\/ingles\/","logo":{"@type":"ImageObject","inLanguage":"en-US","@id":"https:\/\/pvcmex.com\/ingles\/#\/schema\/logo\/image\/","url":"https:\/\/pvcmex.com\/ingles\/wp-content\/uploads\/2024\/04\/logo-pvc-alternativa.png","contentUrl":"https:\/\/pvcmex.com\/ingles\/wp-content\/uploads\/2024\/04\/logo-pvc-alternativa.png","width":350,"height":204,"caption":"PVC ALTERNATIVA Mexican Company, dedicated to the distribution and sales of raw materials for the PVC SHINTEC M\u00c9XICO AND VARTECO MEXICO"},"image":{"@id":"https:\/\/pvcmex.com\/ingles\/#\/schema\/logo\/image\/"}}]}},"_links":{"self":[{"href":"https:\/\/pvcmex.com\/ingles\/wp-json\/wp\/v2\/pages\/94","targetHints":{"allow":["GET"]}}],"collection":[{"href":"https:\/\/pvcmex.com\/ingles\/wp-json\/wp\/v2\/pages"}],"about":[{"href":"https:\/\/pvcmex.com\/ingles\/wp-json\/wp\/v2\/types\/page"}],"author":[{"embeddable":true,"href":"https:\/\/pvcmex.com\/ingles\/wp-json\/wp\/v2\/users\/1"}],"replies":[{"embeddable":true,"href":"https:\/\/pvcmex.com\/ingles\/wp-json\/wp\/v2\/comments?post=94"}],"version-history":[{"count":16,"href":"https:\/\/pvcmex.com\/ingles\/wp-json\/wp\/v2\/pages\/94\/revisions"}],"predecessor-version":[{"id":274,"href":"https:\/\/pvcmex.com\/ingles\/wp-json\/wp\/v2\/pages\/94\/revisions\/274"}],"wp:attachment":[{"href":"https:\/\/pvcmex.com\/ingles\/wp-json\/wp\/v2\/media?parent=94"}],"curies":[{"name":"wp","href":"https:\/\/api.w.org\/{rel}","templated":true}]}}